{"id":5,"date":"2009-08-10T14:01:29","date_gmt":"2009-08-10T12:01:29","guid":{"rendered":"http:\/\/apache2.briner.ch\/?page_id=5"},"modified":"2023-05-01T12:42:52","modified_gmt":"2023-05-01T10:42:52","slug":"west-coast-swing","status":"publish","type":"page","link":"https:\/\/www.dancewithalice.ch\/index.php\/west-coast-swing\/","title":{"rendered":"West Coast Swing"},"content":{"rendered":"<div>\n<h4 style=\"text-align: left;\"><strong><span style=\"font-family: arial, helvetica, sans-serif;\">Generelles<\/span><\/strong><\/h4>\n<p style=\"text-align: justify;\"><span style=\"font-family: arial, helvetica, sans-serif;\">West Coast Swing gilt in den USA als einer der trendigsten T\u00e4nze. Zu praktisch jeder 4\/4-Musik, insbesondere Blues, R&#8217;n&#8217;B, Funk, Clubsounds und Swing wird er getanzt. Seine Liniendynamik (Slot), seine fliessenden Bewegungen und atemberaubenden Drehfiguren machen WCS zu einem der elegantesten T\u00e4nze der Geschichte. Rhythmische Variationen und Synkopierungen erm\u00f6glichen es den Paaren die Musik unabh\u00e4ngig voneinander zu interpretieren. Der Rhythmus erstreckt sich \u00fcber 6 oder 8 Schl\u00e4ge, manchmal auch \u00fcber 10 bis 14 Schl\u00e4ge. West Coast Swing ist der Nationalstolz von Kalifornien. Wie es der Name schon sagt, findet dieser Tanz seinen Ursprung in der Swingfamilie. Es wird erz\u00e4hlt, dass der Tanz in den 1930er-Jahren zum ersten Mal im Savoy Ballroom, New York, aufgetaucht ist. Dean Collins, ein bekannter T\u00e4nzer aus verschiedenen Hollywoodfilmen, brachte diese Version des Savoy Style Lindy mit nach Kalifornien. Als die Leute diesen Tanzstil entdeckten, wollten sie ihn unbedingt lernen.\u00a0 Auch f\u00fcr die Filmproduzenten sei WCS besonders attraktiv gewesen. Da ihre Kameralinsen anf\u00e4nglich keine Weitwinkel besassen, ist Ihnen dieser Tanz, wo die Frauen den Platz wechselten und die M\u00e4nner an Ort blieben, wie gerufen gekommen. Ausserdem wird gemunkelt, dass die Nachtclubs von Los Angeles ebenfalls dazu beitrugen diesen Platz sparenden Linientanz zu f\u00f6rdern. West Coast Swing hat sich in den USA verbreitet und ist heute zu einem der modernsten T\u00e4nze geworden. Nebst den Retro-Swingt\u00e4nzen, Hollywood Style Lindy (Lindy Smooth) , Savoy Style Lindy, Jitterbug oder Boogie, entwickelte sich der West Coast Swing unter der aktuellen Popmusik zu einem progressiven Paartanz. Bewegungen aus Hip Hop, Jazztanz, Latin etc. werden ins Tanzen integriert und an allen Anl\u00e4ssen und Turnieren in den USA gepflegt. Mit dem Jack&amp;Jill, die wohl wichtigste Turnierform im West Coast Swing, wird zudem eine F\u00fchrungsqualit\u00e4t erreicht, wie sie in anderen T\u00e4nzen nur selten anzutreffen ist. Beim Jack&amp;Jill wissen die T\u00e4nzer im Vorfeld nicht mit welchen Partnern sie tanzen werden. Auch die Musik ist eine \u00dcberraschung. Das Westcoast Swing &#8211; Fieber erfasst nun auch Europa. Es macht einfach Spass, sich so zu bewegen und auf aktuelle Musik zu tanzen.<\/span><\/p>\n<h4 style=\"text-align: left;\"><span style=\"font-family: arial, helvetica, sans-serif;\">Alice meets West Coast Swing<\/span><\/h4>\n<p style=\"text-align: justify;\"><span style=\"font-family: arial, helvetica, sans-serif;\">Den West Coast Swing Virus hat mir Melanie Stocker-Bucher verpasst. Als meine erste WCS-Lehrerin hat sie es verstanden, in\u00a0ein paar Privatstunden meinen Ehrgeiz und meine Freude f\u00fcr diesen neuen Tanz zu wecken.\u00a0Dann besuchte ich\u00a0meinen ersten Workshop im Herbst 2007, den Melanie zusammen mit Olivier Massart in der Tanzschule Pasadena\u00a0angeboten hatte. \u00a0Weitere folgten und \u00fcberzeugten mich,\u00a0den\u00a0Westcoast Swing selber zu unterrichten. Im\u00a02008 habe ich diesen Wunsch in die Tat umgesetzt und\u00a0schule nun sowohl westcoastwillige Einzelpersonen wie auch Gruppen in Privatlektionen oder\u00a0vertrete\u00a0in der Tanzschule Pasadena\u00a0\u00a0den Westcoast Swing mit viel Leidenschaft.<\/span><\/p>\n<h4 style=\"text-align: left;\"><span style=\"font-family: arial, helvetica, sans-serif;\">Bisherige Ausbildung, Workshops \/ Privatstunden bei:<\/span><\/h4>\n<table border=\"0\" cellspacing=\"0\" cellpadding=\"0\">\n<tbody>\n<tr>\n<td valign=\"top\">\n<table style=\"width: 407px; height: 262px;\" border=\"0\" align=\"left\">\n<tbody>\n<tr>\n<td valign=\"top\"><span style=\"font-family: arial, helvetica, sans-serif;\">Melanie Stocker-Bucher<\/span><\/p>\n<p><span style=\"font-family: arial, helvetica, sans-serif;\">Buddy Schwimmer<\/span><\/p>\n<p><span style=\"font-family: arial, helvetica, sans-serif;\">Jordan Frisbee &amp; Tatiana Mollmann<\/span><\/p>\n<p><span style=\"font-family: arial, helvetica, sans-serif;\">Heidi Burns-Groskreutz<\/span><\/p>\n<p><span style=\"font-family: arial, helvetica, sans-serif;\">Ben Morris &amp; Melina Ramirez<\/span><\/p>\n<p><span style=\"font-family: arial, helvetica, sans-serif;\">Michael Kielbasa &amp; Jennifer De Luca<\/span><\/p>\n<p><span style=\"font-family: arial, helvetica, sans-serif;\">John Lindo<\/span><\/p>\n<p><span style=\"font-family: arial, helvetica, sans-serif;\">Parker Dearborn &amp; Jessica Cox<\/span><\/p>\n<p><span style=\"font-family: arial, helvetica, sans-serif;\">Arjay Centeno<\/span><\/p>\n<p><span style=\"font-family: arial, helvetica, sans-serif;\">Luis Crespo &amp; Patty Vo<\/span><\/p>\n<p><span style=\"font-family: arial, helvetica, sans-serif;\">Maxence Martin<\/span><\/p>\n<p><span style=\"font-family: arial, helvetica, sans-serif;\">Kyle Redd &amp; Sarah Vann Drake<\/span><\/td>\n<\/tr>\n<\/tbody>\n<\/table>\n<\/td>\n<td valign=\"top\">\n<table style=\"width: 352px; height: 243px;\" border=\"0\" align=\"right\">\n<tbody>\n<tr>\n<td><\/td>\n<td><span style=\"font-family: arial, helvetica, sans-serif;\"><img decoding=\"async\" loading=\"lazy\" class=\"aligncenter size-thumbnail wp-image-248\" title=\"SEA-SUN-SWING-Jordan_Tatiana\" src=\"https:\/\/www.dancewithalice.ch\/wp-content\/uploads\/2009\/08\/SEA-SUN-SWING-Jordan_Tatiana2-150x150.jpg\" alt=\"SEA-SUN-SWING-Jordan_Tatiana\" width=\"150\" height=\"150\" \/><\/span><\/td>\n<td><span style=\"font-family: arial, helvetica, sans-serif;\"><img decoding=\"async\" loading=\"lazy\" class=\"aligncenter size-medium wp-image-246\" title=\"SEA-SUN-SWING-John Lindo\" src=\"https:\/\/www.dancewithalice.ch\/wp-content\/uploads\/2009\/08\/WCS_JL04-190x300.jpg\" alt=\"WCS_JL04\" width=\"158\" height=\"241\" \/><\/span><\/td>\n<\/tr>\n<tr>\n<td><\/td>\n<td><span style=\"font-family: arial, helvetica, sans-serif;\"><img decoding=\"async\" loading=\"lazy\" class=\"aligncenter size-thumbnail wp-image-249\" title=\"SEA-SUN-SWING-Parker_Jessica\" src=\"https:\/\/www.dancewithalice.ch\/wp-content\/uploads\/2009\/08\/SEA-SUN-SWING-Parker_Jessica3-150x150.jpg\" alt=\"SEA-SUN-SWING-Parker_Jessica\" width=\"150\" height=\"150\" \/><\/span><\/td>\n<td><\/td>\n<\/tr>\n<tr>\n<td><\/td>\n<td><\/td>\n<td><\/td>\n<\/tr>\n<\/tbody>\n<\/table>\n<\/td>\n<\/tr>\n<\/tbody>\n<\/table>\n<h4><span style=\"font-family: arial, helvetica, sans-serif;\">West Coast Swing auf You Tube\u00a0\u00a0\u00a0&#8211;\u00a0\u00a0 Enjoy!!!<\/span><\/h4>\n<p><span style=\"font-family: arial, helvetica, sans-serif;\"><a href=\"http:\/\/www.youtube.com\/watch?feature=player_embedded&amp;v=66ME7lIXBSc\">US-Open 2011 \/ Classic Winners Tatiana Mollmann &amp; Jordan Frisbee<\/a><\/span><\/p>\n<p><span style=\"font-family: arial, helvetica, sans-serif;\"><a href=\"http:\/\/www.youtube.com\/watch?v=RlVP49kREYs\">US-Open 2011 \/ J&amp;J Winners Tatiana Mollmann &amp; Kyle Reed<\/a><\/span><\/p>\n<p><span style=\"font-family: arial, helvetica, sans-serif;\"><a href=\"http:\/\/www.youtube.com\/watch?v=Io1IaXq6jAE&amp;feature=related\">Kyle Redd &amp; Sarah Vann Drake &#8211; 2009 Classic Routine<\/a><\/span><\/p>\n<p><span style=\"font-family: arial, helvetica, sans-serif;\"><a href=\"http:\/\/www.youtube.com\/watch?v=gzBkdQVSLc8&amp;feature=related\">Parker Dearborn &amp; Jessica Cox &#8211; 2007 Showcase Division<\/a><\/span><\/p>\n<p><span style=\"font-family: arial, helvetica, sans-serif;\"><a href=\"http:\/\/www.youtube.com\/watch?v=05vpEccaivc\">Arjay Centeno &amp; Tatiana Mollmann &#8211; Jack &amp; Jill<\/a><\/span><\/p>\n<p><span style=\"font-family: arial, helvetica, sans-serif;\">West Coast Swing: Offizielles Video &#8222;Swingin von LeAnn Rimes&#8220; u.a. mit Benji Schwimmer,<\/span><\/p>\n<p><span style=\"font-family: arial, helvetica, sans-serif;\">Jordan\/Tatiana, Kyle\/Sarah,\u00a0 Ben\/Jessica:\u00a0 <a href=\"http:\/\/www.youtube.com\/watch?v=DIZ3m5hkkk4\">Swingin&#8216; <\/a><\/span><\/p>\n<pre><span style=\"font-family: arial, helvetica, sans-serif;\"><span style=\"font-size: small;\"><strong>Dancefloor Magazin:<\/strong> Bericht \u00fcber West Coast Swing Workshops und J&amp;J-Turnier!  <\/span><a href=\"http:\/\/www.dancefloor-magazin.ch\/index.php\/2011\/03\/west-coast-swing-am-euro-dance-festival-2011\/\"><span style=\"font-size: x-small;\"><span style=\"font-size: small;\">Bericht<\/span><\/span><\/a><\/span><\/pre>\n<table style=\"width: 319px; height: 449px;\" border=\"0\" align=\"right\">\n<tbody>\n<tr>\n<td><span style=\"font-family: arial, helvetica, sans-serif;\"><img decoding=\"async\" loading=\"lazy\" class=\"alignnone size-medium wp-image-370\" title=\"Line-Up mit Wertungsrichtern\" src=\"https:\/\/www.dancewithalice.ch\/wp-content\/uploads\/2011\/05\/EDF2011_LineUp-300x160.jpg\" alt=\"Line-Up mit Wertungsrichtern\" width=\"300\" height=\"160\" srcset=\"https:\/\/www.dancewithalice.ch\/wp-content\/uploads\/2011\/05\/EDF2011_LineUp-300x160.jpg 300w, https:\/\/www.dancewithalice.ch\/wp-content\/uploads\/2011\/05\/EDF2011_LineUp.jpg 800w\" sizes=\"(max-width: 300px) 100vw, 300px\" \/><\/span><\/td>\n<td><\/td>\n<td><\/td>\n<\/tr>\n<tr>\n<td><span style=\"font-family: arial, helvetica, sans-serif;\"><a href=\"https:\/\/www.dancewithalice.ch\/wp-content\/uploads\/2011\/05\/EDF2011_WR.jpg\"><img decoding=\"async\" loading=\"lazy\" class=\"alignnone size-medium wp-image-371\" src=\"https:\/\/www.dancewithalice.ch\/wp-content\/uploads\/2011\/05\/EDF2011_WR-211x300.jpg\" alt=\"\" width=\"211\" height=\"300\" srcset=\"https:\/\/www.dancewithalice.ch\/wp-content\/uploads\/2011\/05\/EDF2011_WR-211x300.jpg 211w, https:\/\/www.dancewithalice.ch\/wp-content\/uploads\/2011\/05\/EDF2011_WR.jpg 591w\" sizes=\"(max-width: 211px) 100vw, 211px\" \/><\/a><img decoding=\"async\" loading=\"lazy\" class=\"aligncenter size-medium wp-image-369\" title=\"Alice 3. Rang WCS Jack&amp;Jill\" src=\"https:\/\/www.dancewithalice.ch\/wp-content\/uploads\/2011\/05\/Alice-JJ-2011_2-225x300.jpg\" alt=\"Alice 3. Rang WCS Jack&amp;Jill\" width=\"121\" height=\"162\" srcset=\"https:\/\/www.dancewithalice.ch\/wp-content\/uploads\/2011\/05\/Alice-JJ-2011_2-225x300.jpg 225w, https:\/\/www.dancewithalice.ch\/wp-content\/uploads\/2011\/05\/Alice-JJ-2011_2-768x1024.jpg 768w, https:\/\/www.dancewithalice.ch\/wp-content\/uploads\/2011\/05\/Alice-JJ-2011_2.jpg 1920w\" sizes=\"(max-width: 121px) 100vw, 121px\" \/><\/span><\/td>\n<td><\/td>\n<td><\/td>\n<\/tr>\n<tr>\n<td><\/td>\n<td><\/td>\n<td><\/td>\n<\/tr>\n<\/tbody>\n<\/table>\n<h4 style=\"text-align: left;\"><span style=\"font-family: arial, helvetica, sans-serif;\">West Coast Swing Aktivit\u00e4ten<\/span><\/h4>\n<p><span style=\"font-family: arial, helvetica, sans-serif;\">Mein erstes\u00a0Jack &amp; Jill Turnier am Euro Dance Festival 2011 &#8211;\u00a0 3. Rang \ud83d\ude42 !!!<\/span><\/p>\n<p><span style=\"font-family: arial, helvetica, sans-serif;\">Kompetente Wertungsrichter: Parker, Kyle, Sarah, Tatiana, Jordan<\/span><\/p>\n<\/div>\n","protected":false},"excerpt":{"rendered":"<p>Generelles West Coast Swing gilt in den USA als einer der trendigsten T\u00e4nze. Zu praktisch jeder 4\/4-Musik, insbesondere Blues, R&#8217;n&#8217;B, Funk, Clubsounds und Swing wird er getanzt. Seine Liniendynamik (Slot), seine fliessenden Bewegungen und atemberaubenden Drehfiguren machen WCS zu einem &hellip; <a href=\"https:\/\/www.dancewithalice.ch\/index.php\/west-coast-swing\/\">Weiterlesen <span class=\"meta-nav\">&rarr;<\/span><\/a><\/p>\n","protected":false},"author":2,"featured_media":0,"parent":0,"menu_order":3,"comment_status":"closed","ping_status":"closed","template":"","meta":{"_mi_skip_tracking":false},"_links":{"self":[{"href":"https:\/\/www.dancewithalice.ch\/index.php\/wp-json\/wp\/v2\/pages\/5"}],"collection":[{"href":"https:\/\/www.dancewithalice.ch\/index.php\/wp-json\/wp\/v2\/pages"}],"about":[{"href":"https:\/\/www.dancewithalice.ch\/index.php\/wp-json\/wp\/v2\/types\/page"}],"author":[{"embeddable":true,"href":"https:\/\/www.dancewithalice.ch\/index.php\/wp-json\/wp\/v2\/users\/2"}],"replies":[{"embeddable":true,"href":"https:\/\/www.dancewithalice.ch\/index.php\/wp-json\/wp\/v2\/comments?post=5"}],"version-history":[{"count":8,"href":"https:\/\/www.dancewithalice.ch\/index.php\/wp-json\/wp\/v2\/pages\/5\/revisions"}],"predecessor-version":[{"id":558,"href":"https:\/\/www.dancewithalice.ch\/index.php\/wp-json\/wp\/v2\/pages\/5\/revisions\/558"}],"wp:attachment":[{"href":"https:\/\/www.dancewithalice.ch\/index.php\/wp-json\/wp\/v2\/media?parent=5"}],"curies":[{"name":"wp","href":"https:\/\/api.w.org\/{rel}","templated":true}]}}