{"id":323,"date":"2023-05-01T11:21:35","date_gmt":"2023-05-01T09:21:35","guid":{"rendered":"https:\/\/www.dance.ch\/wordpress\/?page_id=323"},"modified":"2023-05-01T12:29:24","modified_gmt":"2023-05-01T10:29:24","slug":"aktuelles","status":"publish","type":"page","link":"https:\/\/www.dancewithalice.ch\/","title":{"rendered":"Aktuelles \/ Coming soon"},"content":{"rendered":"<div><span style=\"font-family: arial, helvetica, sans-serif;\"><strong>Meine laufenden Tanzkurse<\/strong><\/span><\/div>\n<div><span style=\"font-family: arial, helvetica, sans-serif;\">Zur Zeit unterrichte ich Tanzwerk 101 in Z\u00fcrich und veranstalte eigene Tanzkurse.<\/span><\/div>\n<p>&nbsp;<\/p>\n<h3><span style=\"font-family: arial, helvetica, sans-serif;\"><strong>Alice Briner<\/strong><a href=\"https:\/\/www.dancewithalice.ch\/wp-content\/uploads\/2009\/08\/Alice-Portrait2.JPG\"><img decoding=\"async\" loading=\"lazy\" class=\"size-full wp-image-276 alignright\" src=\"https:\/\/www.dancewithalice.ch\/wp-content\/uploads\/2009\/08\/Alice-Portrait2.JPG\" alt=\"\" width=\"80\" height=\"100\" \/><\/a><\/span><\/h3>\n<p><span style=\"font-family: arial, helvetica, sans-serif;\"><strong>Hauptberufe<\/strong><\/span><\/p>\n<p><span style=\"font-family: arial, helvetica, sans-serif;\">Verkaufs-Assistentin<\/span><br \/>\n<span style=\"font-family: arial, helvetica, sans-serif;\">Tanzinstruktorin<\/span><\/p>\n<p><span style=\"font-family: arial, helvetica, sans-serif;\"><strong>Tanzerfahrung \/ Turniertanz \/ Shows<\/strong><\/span><\/p>\n<p><span style=\"font-family: arial, helvetica, sans-serif;\">Erster Rock\u2019n\u2019Roll Kurs im Long Tall Ernie Z\u00fcrich, 1982<\/span><br \/>\n<span style=\"font-family: arial, helvetica, sans-serif;\">Finalsieger Salzmann-Cup 1985, 1. Rang<\/span><\/p>\n<p><span style=\"font-family: arial, helvetica, sans-serif;\">Plausch Meisterschaft der Schweiz 1985\/86, Vize-Meister\u00a0(2. Rang)<\/span><br \/>\n<span style=\"font-family: arial, helvetica, sans-serif;\">Plausch Meisterschaft der Schweiz 1986\/87, Meister (1. Rang)<\/span><br \/>\n<span style=\"font-family: arial, helvetica, sans-serif;\">Finalsieger Salzmann-Cup 1990, 1. Rang Gesamtsieger<\/span><br \/>\n<span style=\"font-family: arial, helvetica, sans-serif;\">Ricy-Cup, \u00a01. Rang<\/span><br \/>\n<span style=\"font-family: arial, helvetica, sans-serif;\">Erfolgreichstes Plausch Rock\u2019n\u2019Roll Tanzpaar (mit Luigi Simione) 1985 \u2013 1991<\/span><br \/>\n<span style=\"font-family: arial, helvetica, sans-serif;\">Discoswing Schweizermeisterschaft 1993, Meister (1. Rang)<\/span><\/p>\n<p><span style=\"font-family: arial, helvetica, sans-serif;\">Seit 1987: Turnierpaar-Trainerin Plausch Rock\u2019n\u2019Roll und Discoswing<\/span><br \/>\n<span style=\"font-family: arial, helvetica, sans-serif;\">Wertungsrichterin Plausch Rock\u2019n\u2019Roll und Discoswing<\/span><br \/>\n<span style=\"font-family: arial, helvetica, sans-serif;\">Diverse Showdarbietungen in Rock\u2019n\u2019Roll und Discoswing<\/span><\/p>\n<p><span style=\"font-family: arial, helvetica, sans-serif;\"><strong>Ich unterrichte<br \/>\n<\/strong>Spezialisiert: Discoswing, West Coast Swing, Jive, Rock\u2019n\u2019Roll, Boogie-Woogie<\/span><br \/>\n<span style=\"font-family: arial, helvetica, sans-serif;\">Grundkenntnisse: Salsa, Standard- und Lateint\u00e4nze<\/span><\/p>\n<p><span style=\"font-family: arial, helvetica, sans-serif;\"><strong>Unterichts-Referenzen<br \/>\n<\/strong>ITC Internationales Trainingscamp f\u00fcr Discofox<\/span><br \/>\n<span style=\"font-family: arial, helvetica, sans-serif;\">Tanz-Kreuzfahrt 2010 mit <a href=\"http:\/\/summerdancenight.ch\">summerdancenight.ch<\/a><\/span><\/p>\n<p><span style=\"font-family: arial, helvetica, sans-serif;\"><strong>Gedankenaufbau meiner Kurslektionen<\/strong><\/span><br \/>\n<span style=\"font-family: arial, helvetica, sans-serif;\">Gute Grundtechnik\u00a0in den\u00a0Basic-Elementen, da dies f\u00fcr alle T\u00e4nze die Voraussetzung\u00a0f\u00fcr erfolgreiches Tanzen ist. Klarer Aufbau von Figuren und Abl\u00e4ufen.<\/span><br \/>\n<span style=\"font-family: arial, helvetica, sans-serif;\">Ziel meines Unterrichtes ist, dass die\u00a0Tanzsch\u00fcler eine solide Technik beherrschen, damit sie sich auf der Tanzfl\u00e4che wohl f\u00fchlen und unbeschwert tanzen k\u00f6nnen.<\/span><\/p>\n<p><span style=\"font-family: arial, helvetica, sans-serif;\"><strong>Anfragen<br \/>\n<\/strong>F\u00fcr Ihre Anfragen verwenden Sie bitte die E-Mail-Adresse welche\u00a0unter Kontakt aufgef\u00fchrt ist.<\/span><\/p>\n<div><\/div>\n<div style=\"text-align: left;\">\n<div><\/div>\n<div><\/div>\n<\/div>\n","protected":false},"excerpt":{"rendered":"<p>Meine laufenden Tanzkurse Zur Zeit unterrichte ich Tanzwerk 101 in Z\u00fcrich und veranstalte eigene Tanzkurse. &nbsp; Alice Briner Hauptberufe Verkaufs-Assistentin Tanzinstruktorin Tanzerfahrung \/ Turniertanz \/ Shows Erster Rock\u2019n\u2019Roll Kurs im Long Tall Ernie Z\u00fcrich, 1982 Finalsieger Salzmann-Cup 1985, 1. Rang &hellip; <a href=\"https:\/\/www.dancewithalice.ch\/\">Weiterlesen <span class=\"meta-nav\">&rarr;<\/span><\/a><\/p>\n","protected":false},"author":2,"featured_media":0,"parent":0,"menu_order":0,"comment_status":"closed","ping_status":"closed","template":"","meta":{"_mi_skip_tracking":false},"_links":{"self":[{"href":"https:\/\/www.dancewithalice.ch\/index.php\/wp-json\/wp\/v2\/pages\/323"}],"collection":[{"href":"https:\/\/www.dancewithalice.ch\/index.php\/wp-json\/wp\/v2\/pages"}],"about":[{"href":"https:\/\/www.dancewithalice.ch\/index.php\/wp-json\/wp\/v2\/types\/page"}],"author":[{"embeddable":true,"href":"https:\/\/www.dancewithalice.ch\/index.php\/wp-json\/wp\/v2\/users\/2"}],"replies":[{"embeddable":true,"href":"https:\/\/www.dancewithalice.ch\/index.php\/wp-json\/wp\/v2\/comments?post=323"}],"version-history":[{"count":44,"href":"https:\/\/www.dancewithalice.ch\/index.php\/wp-json\/wp\/v2\/pages\/323\/revisions"}],"predecessor-version":[{"id":540,"href":"https:\/\/www.dancewithalice.ch\/index.php\/wp-json\/wp\/v2\/pages\/323\/revisions\/540"}],"wp:attachment":[{"href":"https:\/\/www.dancewithalice.ch\/index.php\/wp-json\/wp\/v2\/media?parent=323"}],"curies":[{"name":"wp","href":"https:\/\/api.w.org\/{rel}","templated":true}]}}