{"id":23,"date":"2009-08-10T15:14:15","date_gmt":"2009-08-10T13:14:15","guid":{"rendered":"http:\/\/apache2.briner.ch\/?page_id=23"},"modified":"2023-05-01T12:43:24","modified_gmt":"2023-05-01T10:43:24","slug":"rocknroll","status":"publish","type":"page","link":"https:\/\/www.dancewithalice.ch\/index.php\/rocknroll\/","title":{"rendered":"Rock&#8217;n&#8217;Roll"},"content":{"rendered":"<p><span style=\"font-family: arial, helvetica, sans-serif;\">Generelles<\/span><\/p>\n<p><span style=\"font-family: arial, helvetica, sans-serif;\">Rock \u2019n\u2019 Roll ist ein nicht klar umrissener Begriff f\u00fcr eine US-amerikanische Musikrichtung der 1950er- und fr\u00fchen 1960er-Jahre und das damit verbundene Lebensgef\u00fchl einer Jugend-Protestkultur. Die bis auf wenige Ausnahmen im 4\/4 Takt\u00a0gespielte <strong>Musik<\/strong> enth\u00e4lt einen deutlichen Backbeat\/Offbeat\u00a0(starker Akzent auf den geraden Z\u00e4hlzeiten zwei und vier).<\/span><\/p>\n<p><span style=\"font-family: arial, helvetica, sans-serif;\">Au\u00dferdem ist Rock \u2019n\u2019 Roll die Bezeichnung f\u00fcr einen mit dieser Musik verbundenen <strong>Gesellschaftstanz<\/strong>, der aus dem Lindy Hop und dem Jitterbug hervorgegangen ist und dessen wesentliche Merkmale die akrobatischen Einlagen sind. Im Gegensatz zur Musik werden im Tanz die ungeraden Z\u00e4hlzeiten (eins und drei) betont.\u00a0 Als Turnier- und Gesellschaftstanz entspricht ihm der Sport-Rock\u2019n\u2019Roll (SRRC) oder der \u201ePlausch Rock\u2019n\u2019Roll\u201c, wie man in der Schweiz eine den 50er Jahren angeglichene Art des Rock\u2019n\u2019Roll-Tanzes praktiziert.\u00a0Obwohl Rock \u2019n\u2019 Roll in den Vereinigten Staaten entstanden ist, ist er heute \u00fcberwiegend in Europa anzutreffen. Rock \u2019n\u2019 Roll ist ein fr\u00f6hlicher, schneller und sportlicher Tanz, der stark zuschauerorientiert ist. Charakteristisch sind auch\u00a0der gesprungene Grundschritt mit Kicks und Kick-Ball-Change und die akrobatischen Einlagen. Rock \u2019n\u2019 Roll wird geradlinig getanzt, Kicks und Armbewegungen sollen harmonisch die Musik unterstreichen.<\/span><\/p>\n<h4 style=\"text-align: left;\"><span style=\"font-family: arial, helvetica, sans-serif;\">Alice meets Rock&#8217;n&#8217;Roll<\/span><\/h4>\n<p style=\"text-align: justify;\"><span style=\"font-family: arial, helvetica, sans-serif;\">In der Sekundarschule wurde ich von meiner Freundin Monic\u00a0zum &#8222;privaten&#8220; Rock&#8217;n&#8217;Roll Kurs bei ihr Zuhause eingeladen. Diese erste Erfahrung mit dem Tanzen machte mir so viel Spass, dass ich den Fortsetzungskurs im Long Tall Ernie Rock&#8217;n&#8217;Roll Tanzclub in Z\u00fcrich besuchte. Meine Tanzlehrer Luigi und Walter Simione entdeckten im Laufe der Kurse eine Spur Talent und holten mich mit meinem ersten Tanzpartner Beat in die Showgruppe der \u00a0&#8222;Jump Jive Dancers&#8220;.\u00a0Schon bald\u00a0folgten erste Teilnahmen an\u00a0Rock&#8217;n&#8217;Roll Turnieren, die ich erfolgreich mit Beat bestritt. Danach\u00a0ergab sich die Rock&#8217;n&#8217;Roll-Partnerschaft mit Luigi Simione. Die Zeit, die ich dann erleben durfte, kann ich als Pr\u00e4gendste und Interessanteste in meiner Tanz-Karriere bezeichnen. Sie legte den\u00a0Grundstein zu dem, was\u00a0mich heute noch mit dem Tanzen verbindet: Freude, Ehrgeiz &amp;\u00a0Leidenschaft\u00a0 &#8211; Luigi, herzlichen Dank daf\u00fcr!<\/span><\/p>\n<p><span style=\"font-family: arial, helvetica, sans-serif;\"><strong>Bisherige Rock&#8217;n&#8217;Roll\u00a0Aktivit\u00e4ten<\/strong><\/span><br \/>\n<span style=\"font-family: arial, helvetica, sans-serif;\">Rock&#8217;n&#8217;Roll Kurse im Long Tall Ernie<\/span><\/p>\n<p><span style=\"font-family: arial, helvetica, sans-serif;\"><strong>Turnier-Erfolge:<\/strong><\/span><br \/>\n<span style=\"font-family: arial, helvetica, sans-serif;\">Rock&#8217;n&#8217;Roll Plausch Meisterschaft der Schweiz:<\/span><br \/>\n<span style=\"font-family: arial, helvetica, sans-serif;\">2. Rang mit Luigi Simione\u00a0 (Vize-Meister) 1985\/86<\/span><br \/>\n<span style=\"font-family: arial, helvetica, sans-serif;\">1. Rang mit Luigi Simione\u00a0 1986\/87<\/span><br \/>\n<span style=\"font-family: arial, helvetica, sans-serif;\">Erfolgreichstes Plausch Rock&#8217;n&#8217;Roll Tanzpaar<\/span><br \/>\n<span style=\"font-family: arial, helvetica, sans-serif;\">der Schweiz zwischen 1985 &#8211; 1991<\/span><\/p>\n<p><span style=\"font-family: arial, helvetica, sans-serif;\"><strong>TV-Auftritte:<\/strong><\/span><br \/>\n<span style=\"font-family: arial, helvetica, sans-serif;\">Tanz Total<\/span><br \/>\n<span style=\"font-family: arial, helvetica, sans-serif;\">Here we Go<\/span><br \/>\n<span style=\"font-family: arial, helvetica, sans-serif;\">Suppertreffer<\/span><br \/>\n<span style=\"font-family: arial, helvetica, sans-serif;\">Kinowerbung f\u00fcr Adelbodner Mineralwasser<\/span><\/p>\n<p><span style=\"font-family: arial, helvetica, sans-serif;\"><strong>Diverse Showauftritte<\/strong><\/span><\/p>\n<table style=\"border-collapse: collapse; width: 100%;\">\n<tbody>\n<tr>\n<td style=\"width: 25%;\"><span style=\"font-family: arial, helvetica, sans-serif;\"><a href=\"https:\/\/www.dancewithalice.ch\/wp-content\/uploads\/2009\/08\/Luigi_Alice_91.JPG\"><img decoding=\"async\" loading=\"lazy\" class=\"alignnone size-medium wp-image-208\" src=\"https:\/\/www.dancewithalice.ch\/wp-content\/uploads\/2009\/08\/Luigi_Alice_91-197x300.jpg\" alt=\"\" width=\"197\" height=\"300\" srcset=\"https:\/\/www.dancewithalice.ch\/wp-content\/uploads\/2009\/08\/Luigi_Alice_91-197x300.jpg 197w, https:\/\/www.dancewithalice.ch\/wp-content\/uploads\/2009\/08\/Luigi_Alice_91.JPG 367w\" sizes=\"(max-width: 197px) 100vw, 197px\" \/><\/a><\/span><\/td>\n<td style=\"width: 25%;\"><span style=\"font-family: arial, helvetica, sans-serif;\"><a href=\"https:\/\/www.dancewithalice.ch\/wp-content\/uploads\/2009\/08\/AL3.jpg\"><img decoding=\"async\" loading=\"lazy\" class=\"alignnone size-medium wp-image-135\" src=\"https:\/\/www.dancewithalice.ch\/wp-content\/uploads\/2009\/08\/AL3-165x300.jpg\" alt=\"\" width=\"165\" height=\"300\" srcset=\"https:\/\/www.dancewithalice.ch\/wp-content\/uploads\/2009\/08\/AL3-165x300.jpg 165w, https:\/\/www.dancewithalice.ch\/wp-content\/uploads\/2009\/08\/AL3.jpg 213w\" sizes=\"(max-width: 165px) 100vw, 165px\" \/><\/a><\/span><\/td>\n<td style=\"width: 25%;\"><span style=\"font-family: arial, helvetica, sans-serif;\"><a href=\"https:\/\/www.dancewithalice.ch\/wp-content\/uploads\/2009\/08\/Angelo_Alice.jpg\"><img decoding=\"async\" loading=\"lazy\" class=\"alignnone size-medium wp-image-262\" src=\"https:\/\/www.dancewithalice.ch\/wp-content\/uploads\/2009\/08\/Angelo_Alice-240x300.jpg\" alt=\"\" width=\"240\" height=\"300\" srcset=\"https:\/\/www.dancewithalice.ch\/wp-content\/uploads\/2009\/08\/Angelo_Alice-240x300.jpg 240w, https:\/\/www.dancewithalice.ch\/wp-content\/uploads\/2009\/08\/Angelo_Alice.jpg 481w\" sizes=\"(max-width: 240px) 100vw, 240px\" \/><\/a><\/span><\/td>\n<td style=\"width: 25%;\"><span style=\"font-family: arial, helvetica, sans-serif;\"><a href=\"https:\/\/www.dancewithalice.ch\/wp-content\/uploads\/2009\/08\/Gianni.JPG\"><img decoding=\"async\" loading=\"lazy\" class=\"alignnone size-medium wp-image-257\" src=\"https:\/\/www.dancewithalice.ch\/wp-content\/uploads\/2009\/08\/Gianni-214x300.jpg\" alt=\"\" width=\"214\" height=\"300\" srcset=\"https:\/\/www.dancewithalice.ch\/wp-content\/uploads\/2009\/08\/Gianni-214x300.jpg 214w, https:\/\/www.dancewithalice.ch\/wp-content\/uploads\/2009\/08\/Gianni-730x1024.jpg 730w, https:\/\/www.dancewithalice.ch\/wp-content\/uploads\/2009\/08\/Gianni.JPG 800w\" sizes=\"(max-width: 214px) 100vw, 214px\" \/><\/a><\/span><\/td>\n<\/tr>\n<\/tbody>\n<\/table>\n<p>&nbsp;<\/p>\n<h4><\/h4>\n<h4><\/h4>\n<h4><span style=\"font-family: arial, helvetica, sans-serif;\">Alice, Rock&#8217;n&#8217;Roll und\u00a0You\u00a0Tube&#8230;<\/span><\/h4>\n<p style=\"text-align: justify;\"><span style=\"font-family: arial, helvetica, sans-serif;\"><a href=\"http:\/\/www.youtube.com\/watch?v=5CjX5zzarus&amp;hl=de\" target=\"_blank\" rel=\"noopener noreferrer\">Supertreffer Alice und Luigi<\/a><\/span><\/p>\n<p style=\"text-align: justify;\"><span style=\"font-family: arial, helvetica, sans-serif;\"><a href=\"http:\/\/www.youtube.com\/watch?v=KMKTxX1MT-s\" target=\"_blank\" rel=\"noopener noreferrer\">Rock&#8217;n&#8217;Roll-Show am Swiss Intercup in Regensdorf<\/a><\/span><\/p>\n<p style=\"text-align: justify;\"><span style=\"font-family: arial, helvetica, sans-serif;\"><a href=\"http:\/\/www.youtube.com\/watch?v=wnlQTKFEuhE&amp;feature=related\" target=\"_blank\" rel=\"noopener noreferrer\">Kinowerbung Adelbodner Mineralwasser mit Alice&amp;Luigi<\/a><\/span><\/p>\n<p style=\"text-align: justify;\"><span style=\"font-family: arial, helvetica, sans-serif;\"><a href=\"http:\/\/www.youtube.com\/watch?v=s_r8Z8wXal0\" target=\"_blank\" rel=\"noopener noreferrer\">Che &amp; Ray im Mascotte mit Alice und Luigi (Video Boogie-Sneekers)<\/a><\/span><\/p>\n<p style=\"text-align: justify;\">\n","protected":false},"excerpt":{"rendered":"<p>Generelles Rock \u2019n\u2019 Roll ist ein nicht klar umrissener Begriff f\u00fcr eine US-amerikanische Musikrichtung der 1950er- und fr\u00fchen 1960er-Jahre und das damit verbundene Lebensgef\u00fchl einer Jugend-Protestkultur. Die bis auf wenige Ausnahmen im 4\/4 Takt\u00a0gespielte Musik enth\u00e4lt einen deutlichen Backbeat\/Offbeat\u00a0(starker Akzent &hellip; <a href=\"https:\/\/www.dancewithalice.ch\/index.php\/rocknroll\/\">Weiterlesen <span class=\"meta-nav\">&rarr;<\/span><\/a><\/p>\n","protected":false},"author":2,"featured_media":0,"parent":0,"menu_order":1,"comment_status":"closed","ping_status":"closed","template":"","meta":{"_mi_skip_tracking":false},"_links":{"self":[{"href":"https:\/\/www.dancewithalice.ch\/index.php\/wp-json\/wp\/v2\/pages\/23"}],"collection":[{"href":"https:\/\/www.dancewithalice.ch\/index.php\/wp-json\/wp\/v2\/pages"}],"about":[{"href":"https:\/\/www.dancewithalice.ch\/index.php\/wp-json\/wp\/v2\/types\/page"}],"author":[{"embeddable":true,"href":"https:\/\/www.dancewithalice.ch\/index.php\/wp-json\/wp\/v2\/users\/2"}],"replies":[{"embeddable":true,"href":"https:\/\/www.dancewithalice.ch\/index.php\/wp-json\/wp\/v2\/comments?post=23"}],"version-history":[{"count":12,"href":"https:\/\/www.dancewithalice.ch\/index.php\/wp-json\/wp\/v2\/pages\/23\/revisions"}],"predecessor-version":[{"id":559,"href":"https:\/\/www.dancewithalice.ch\/index.php\/wp-json\/wp\/v2\/pages\/23\/revisions\/559"}],"wp:attachment":[{"href":"https:\/\/www.dancewithalice.ch\/index.php\/wp-json\/wp\/v2\/media?parent=23"}],"curies":[{"name":"wp","href":"https:\/\/api.w.org\/{rel}","templated":true}]}}